{"id":92,"date":"2025-03-11T15:38:26","date_gmt":"2025-03-11T15:38:26","guid":{"rendered":"https:\/\/leev.co\/?page_id=92"},"modified":"2025-10-21T11:59:55","modified_gmt":"2025-10-21T11:59:55","slug":"a-propos","status":"publish","type":"page","link":"https:\/\/leev.co\/?page_id=92","title":{"rendered":"A propos"},"content":{"rendered":"\t\t<div data-elementor-type=\"wp-page\" data-elementor-id=\"92\" class=\"elementor elementor-92\" data-elementor-post-type=\"page\">\n\t\t\t\t<div data-dce-background-overlay-color=\"#00000099\" data-dce-background-image-url=\"https:\/\/leev.co\/wp-content\/uploads\/2025\/03\/Web-1280-\u2013-6-1.png\" class=\"elementor-element elementor-element-9bf42c5 e-flex e-con-boxed e-con e-parent\" data-id=\"9bf42c5\" data-element_type=\"container\" data-settings=\"{&quot;background_background&quot;:&quot;classic&quot;}\">\n\t\t\t\t\t<div class=\"e-con-inner\">\n\t\t\t\t<div class=\"elementor-element elementor-element-1e177ac elementor-widget elementor-widget-heading\" data-id=\"1e177ac\" data-element_type=\"widget\" data-widget_type=\"heading.default\">\n\t\t\t\t<div class=\"elementor-widget-container\">\n\t\t\t\t\t<h2 class=\"elementor-heading-title elementor-size-default\">ROULEZ \u00c9LECTRIQUE, VIVEZ MODERNE.<\/h2>\t\t\t\t<\/div>\n\t\t\t\t<\/div>\n\t\t\t\t\t<\/div>\n\t\t\t\t<\/div>\n\t\t<div class=\"elementor-element elementor-element-e6ad8b6 e-flex e-con-boxed e-con e-parent\" data-id=\"e6ad8b6\" data-element_type=\"container\">\n\t\t\t\t\t<div class=\"e-con-inner\">\n\t\t\t\t<div class=\"elementor-element elementor-element-0fbb52d elementor-widget elementor-widget-heading\" data-id=\"0fbb52d\" data-element_type=\"widget\" data-widget_type=\"heading.default\">\n\t\t\t\t<div class=\"elementor-widget-container\">\n\t\t\t\t\t<h2 class=\"elementor-heading-title elementor-size-default\">ON SE PR\u00c9SENTE<\/h2>\t\t\t\t<\/div>\n\t\t\t\t<\/div>\n\t\t<div class=\"elementor-element elementor-element-31b5d08 e-con-full e-flex e-con e-child\" data-id=\"31b5d08\" data-element_type=\"container\">\n\t\t<div class=\"elementor-element elementor-element-ea1e925 e-con-full e-flex e-con e-child\" data-id=\"ea1e925\" data-element_type=\"container\" data-settings=\"{&quot;background_background&quot;:&quot;classic&quot;}\">\n\t\t\t\t<div class=\"elementor-element elementor-element-873d22b elementor-widget elementor-widget-heading\" data-id=\"873d22b\" data-element_type=\"widget\" data-widget_type=\"heading.default\">\n\t\t\t\t<div class=\"elementor-widget-container\">\n\t\t\t\t\t<h2 class=\"elementor-heading-title elementor-size-default\">QU'EST-CE QUE LEEV ?<\/h2>\t\t\t\t<\/div>\n\t\t\t\t<\/div>\n\t\t\t\t<div class=\"elementor-element elementor-element-3781111 elementor-widget elementor-widget-text-editor\" data-id=\"3781111\" data-element_type=\"widget\" data-widget_type=\"text-editor.default\">\n\t\t\t\t<div class=\"elementor-widget-container\">\n\t\t\t\t\t\t\t\t\t<p><span class=\"TextRun Highlight SCXW198775059 BCX0\" lang=\"FR-FR\" xml:lang=\"FR-FR\" data-contrast=\"auto\"><span class=\"NormalTextRun SCXW198775059 BCX0\">Fond\u00e9e sur plus de 20 ans d\u2019exp\u00e9rience dans l\u2019industrie automobile et industrielle, LEEV (Light Electric Engineering Vehicles) INMOTION est une nouvelle marque africaine innovante visant \u00e0 proposer une gamme de produits et services d\u00e9di\u00e9s \u00e0 la mobilit\u00e9 sans \u00e9mission de CO2 en Afrique. <span class=\"TextRun Highlight SCXW111626913 BCX0\" lang=\"FR-FR\" xml:lang=\"FR-FR\" data-contrast=\"auto\"><span class=\"NormalTextRun SCXW111626913 BCX0\">Les solutions offertes par LEEV couvrent toutes les solutions de mobilit\u00e9 \u00e9lectrique \u00e0 commencer par les Kei-cars et voitures \u00e9lectriques.<\/span><\/span><\/span><\/span><\/p>\n\t\t\t\t\t\t\t\t<\/div>\n\t\t\t\t<\/div>\n\t\t\t\t<\/div>\n\t\t<div data-dce-background-image-url=\"https:\/\/leev.co\/wp-content\/uploads\/2025\/04\/Groupe-de-masques-29.png\" class=\"elementor-element elementor-element-0a156c7 e-con-full e-flex e-con e-child\" data-id=\"0a156c7\" data-element_type=\"container\" data-settings=\"{&quot;background_background&quot;:&quot;classic&quot;}\">\n\t\t\t\t<\/div>\n\t\t\t\t<\/div>\n\t\t<div class=\"elementor-element elementor-element-579af21 e-con-full e-flex e-con e-child\" data-id=\"579af21\" data-element_type=\"container\">\n\t\t<div data-dce-background-image-url=\"https:\/\/leev.co\/wp-content\/uploads\/2025\/04\/Groupe-de-masques-28.png\" class=\"elementor-element elementor-element-766b3cf e-con-full e-flex e-con e-child\" data-id=\"766b3cf\" data-element_type=\"container\" data-settings=\"{&quot;background_background&quot;:&quot;classic&quot;}\">\n\t\t\t\t<\/div>\n\t\t<div class=\"elementor-element elementor-element-42fac71 e-con-full e-flex e-con e-child\" data-id=\"42fac71\" data-element_type=\"container\" data-settings=\"{&quot;background_background&quot;:&quot;classic&quot;}\">\n\t\t\t\t<div class=\"elementor-element elementor-element-c98f2f0 elementor-widget elementor-widget-heading\" data-id=\"c98f2f0\" data-element_type=\"widget\" data-widget_type=\"heading.default\">\n\t\t\t\t<div class=\"elementor-widget-container\">\n\t\t\t\t\t<h2 class=\"elementor-heading-title elementor-size-default\">POURQUOI LEEV ?<\/h2>\t\t\t\t<\/div>\n\t\t\t\t<\/div>\n\t\t\t\t<div class=\"elementor-element elementor-element-c5aee40 elementor-widget elementor-widget-text-editor\" data-id=\"c5aee40\" data-element_type=\"widget\" data-widget_type=\"text-editor.default\">\n\t\t\t\t<div class=\"elementor-widget-container\">\n\t\t\t\t\t\t\t\t\t<p>LEEV INMOTION propose une solution de mobilit\u00e9 moderne, con\u00e7ue pour s\u2019adapter aux r\u00e9alit\u00e9s et aux besoins du quotidien la mobilit\u00e9 urbaine en Afrique. Engag\u00e9e en faveur de l\u2019environnement, notre approche vise \u00e0 rendre chaque trajet plus propre tout en soutenant le d\u00e9veloppement local et en ayant un impact social positif. Nous mettons un point d\u2019honneur \u00e0 allier confort, s\u00e9curit\u00e9 et innovation pour offrir une exp\u00e9rience de conduite in\u00e9gal\u00e9e.<\/p>\n\t\t\t\t\t\t\t\t<\/div>\n\t\t\t\t<\/div>\n\t\t\t\t<\/div>\n\t\t\t\t<\/div>\n\t\t\t\t\t<\/div>\n\t\t\t\t<\/div>\n\t\t<div class=\"elementor-element elementor-element-858dfa4 e-flex e-con-boxed e-con e-parent\" data-id=\"858dfa4\" data-element_type=\"container\" data-settings=\"{&quot;background_background&quot;:&quot;classic&quot;}\">\n\t\t\t\t\t<div class=\"e-con-inner\">\n\t\t<div class=\"elementor-element elementor-element-40e2695 e-flex e-con-boxed e-con e-child\" data-id=\"40e2695\" data-element_type=\"container\">\n\t\t\t\t\t<div class=\"e-con-inner\">\n\t\t\t\t<div data-dce-title-color=\"#1D1D1F\" class=\"elementor-element elementor-element-a2fa02d elementor-widget elementor-widget-heading\" data-id=\"a2fa02d\" data-element_type=\"widget\" data-widget_type=\"heading.default\">\n\t\t\t\t<div class=\"elementor-widget-container\">\n\t\t\t\t\t<h2 class=\"elementor-heading-title elementor-size-default\">UNE GAMME PENS\u00c9E POUR TOI<\/h2>\t\t\t\t<\/div>\n\t\t\t\t<\/div>\n\t\t\t\t<div class=\"elementor-element elementor-element-2753d40 elementor-widget elementor-widget-text-editor\" data-id=\"2753d40\" data-element_type=\"widget\" data-widget_type=\"text-editor.default\">\n\t\t\t\t<div class=\"elementor-widget-container\">\n\t\t\t\t\t\t\t\t\t<p>La gamme de LEEV propose trois v\u00e9hicules \u00e9lectriques adapt\u00e9s \u00e0 diff\u00e9rents besoins. Elle comprend deux Kei-cars spacieuses \u00e9lectriques de 5 places (Kaya et Keba) ainsi qu\u2019un monospace offrant entre 7 et 9 places (N\u00e9r\u00e9). Con\u00e7us pour allier fiabilit\u00e9, ergonomie et accessibilit\u00e9, nos v\u00e9hicules int\u00e8grent \u00e9galement des options modernes pour un confort optimal (air conditionn\u00e9, \u00e9cran multim\u00e9dia, aide au stationnement et bien plus encore).<\/p>\n\t\t\t\t\t\t\t\t<\/div>\n\t\t\t\t<\/div>\n\t\t\t\t\t<\/div>\n\t\t\t\t<\/div>\n\t\t<div data-dce-background-image-url=\"https:\/\/leev.co\/wp-content\/uploads\/2025\/04\/KAYA-scaled.jpg\" class=\"elementor-element elementor-element-554bcb2 ease-in-out-anim e-flex e-con-boxed e-con e-child\" data-id=\"554bcb2\" data-element_type=\"container\" data-settings=\"{&quot;background_background&quot;:&quot;classic&quot;}\">\n\t\t\t\t\t<div class=\"e-con-inner\">\n\t\t\t\t\t<\/div>\n\t\t\t\t<\/div>\n\t\t\t\t\t<\/div>\n\t\t\t\t<\/div>\n\t\t<div class=\"elementor-element elementor-element-9317312 e-flex e-con-boxed e-con e-parent\" data-id=\"9317312\" data-element_type=\"container\" data-settings=\"{&quot;background_background&quot;:&quot;classic&quot;}\">\n\t\t\t\t\t<div class=\"e-con-inner\">\n\t\t<div data-dce-background-image-url=\"https:\/\/leev.co\/wp-content\/uploads\/2025\/03\/medium-shot-young-woman-dancing-techno-party.png\" class=\"elementor-element elementor-element-cfcb4c2 e-con-full ease-in-out-anim e-flex e-con e-child\" data-id=\"cfcb4c2\" data-element_type=\"container\" data-settings=\"{&quot;background_background&quot;:&quot;classic&quot;}\">\n\t\t\t\t<\/div>\n\t\t<div class=\"elementor-element elementor-element-384e5ac e-con-full e-flex e-con e-child\" data-id=\"384e5ac\" data-element_type=\"container\">\n\t\t\t\t<div class=\"elementor-element elementor-element-aa906cb elementor-widget elementor-widget-heading\" data-id=\"aa906cb\" data-element_type=\"widget\" data-widget_type=\"heading.default\">\n\t\t\t\t<div class=\"elementor-widget-container\">\n\t\t\t\t\t<h2 class=\"elementor-heading-title elementor-size-default\">LIBERT\u00c9 \u00c9LECTRISANTE<\/h2>\t\t\t\t<\/div>\n\t\t\t\t<\/div>\n\t\t\t\t<div class=\"elementor-element elementor-element-167d370 elementor-widget elementor-widget-text-editor\" data-id=\"167d370\" data-element_type=\"widget\" data-widget_type=\"text-editor.default\">\n\t\t\t\t<div class=\"elementor-widget-container\">\n\t\t\t\t\t\t\t\t\t<p>LEEV offre une libert\u00e9 totale de mobilit\u00e9 tout en contribuant \u00e0 d\u00e9congestionner les centres urbains, participant \u00e0 l\u2019am\u00e9lioration de la qualit\u00e9 de vie en ville. Optez pour une mobilit\u00e9 fluide, propre et innovante, et red\u00e9couvrez le plaisir de circuler sans contraintes.<\/p>\n\t\t\t\t\t\t\t\t<\/div>\n\t\t\t\t<\/div>\n\t\t\t\t<\/div>\n\t\t\t\t\t<\/div>\n\t\t\t\t<\/div>\n\t\t<div class=\"elementor-element elementor-element-0f8037d e-flex e-con-boxed e-con e-parent\" data-id=\"0f8037d\" data-element_type=\"container\" data-settings=\"{&quot;background_background&quot;:&quot;classic&quot;}\">\n\t\t\t\t\t<div class=\"e-con-inner\">\n\t\t<div class=\"elementor-element elementor-element-65a3f5a e-con-full e-flex e-con e-child\" data-id=\"65a3f5a\" data-element_type=\"container\">\n\t\t\t\t<div data-dce-title-color=\"#1D1D1F\" class=\"elementor-element elementor-element-9ecd217 elementor-widget elementor-widget-heading\" data-id=\"9ecd217\" data-element_type=\"widget\" data-widget_type=\"heading.default\">\n\t\t\t\t<div class=\"elementor-widget-container\">\n\t\t\t\t\t<h2 class=\"elementor-heading-title elementor-size-default\">INNOVATION INTUITIVE<\/h2>\t\t\t\t<\/div>\n\t\t\t\t<\/div>\n\t\t\t\t<div class=\"elementor-element elementor-element-4ec4fb4 elementor-widget elementor-widget-text-editor\" data-id=\"4ec4fb4\" data-element_type=\"widget\" data-widget_type=\"text-editor.default\">\n\t\t\t\t<div class=\"elementor-widget-container\">\n\t\t\t\t\t\t\t\t\t<p>Inspir\u00e9s du concept japonais des Kei-car, ces petites voitures fut\u00e9es qui ont r\u00e9volutionn\u00e9 la mobilit\u00e9 urbaine, nos mod\u00e8les r\u00e9inventent l\u2019id\u00e9e pour l\u2019Afrique : compacts, \u00e9conomiques, faciles \u00e0 recharger et parfaits pour circuler en ville sans polluer.<\/p>\n<p>Plus que des voitures, ce sont de v\u00e9ritables solutions de libert\u00e9, con\u00e7ues pour fluidifier le trafic, am\u00e9liorer la vie urbaine et proposer une alternative durable.<br \/>\nLe meilleur du g\u00e9nie automobile, repens\u00e9 par des Africains, pour l\u2019Afrique.<\/p>\n\t\t\t\t\t\t\t\t<\/div>\n\t\t\t\t<\/div>\n\t\t\t\t<\/div>\n\t\t<div data-dce-background-image-url=\"https:\/\/leev.co\/wp-content\/uploads\/2025\/04\/KEBA-2-scaled.jpg\" class=\"elementor-element elementor-element-3a5cfdd e-con-full ease-in-out-anim e-flex e-con e-child\" data-id=\"3a5cfdd\" data-element_type=\"container\" data-settings=\"{&quot;background_background&quot;:&quot;classic&quot;}\">\n\t\t\t\t<\/div>\n\t\t\t\t\t<\/div>\n\t\t\t\t<\/div>\n\t\t\t\t<\/div>\n\t\t","protected":false},"excerpt":{"rendered":"","protected":false},"author":4,"featured_media":4243,"parent":0,"menu_order":0,"comment_status":"closed","ping_status":"closed","template":"","meta":{"_acf_changed":false,"footnotes":""},"class_list":["post-92","page","type-page","status-publish","has-post-thumbnail","hentry"],"acf":[],"yoast_head":"<!-- This site is optimized with the Yoast SEO plugin v26.2 - https:\/\/yoast.com\/wordpress\/plugins\/seo\/ -->\n<title>LEEV INMOTION \u2013 L\u2019avenir de la mobilit\u00e9 \u00e9lectrique en Afrique<\/title>\n<meta name=\"description\" content=\"Rejoignez LEEV INMOTION pour vivre une mobilit\u00e9 propre, innovante et adapt\u00e9e \u00e0 l\u2019Afrique urbaine. Ensemble, changeons la ville.\" \/>\n<meta name=\"robots\" content=\"index, follow, max-snippet:-1, max-image-preview:large, max-video-preview:-1\" \/>\n<link rel=\"canonical\" href=\"https:\/\/leev.co\/a-propos\/\" \/>\n<meta property=\"og:locale\" content=\"fr_FR\" \/>\n<meta property=\"og:type\" content=\"article\" \/>\n<meta property=\"og:title\" content=\"LEEV INMOTION \u2013 L\u2019avenir de la mobilit\u00e9 \u00e9lectrique en Afrique\" \/>\n<meta property=\"og:description\" content=\"Rejoignez LEEV INMOTION pour vivre une mobilit\u00e9 propre, innovante et adapt\u00e9e \u00e0 l\u2019Afrique urbaine. Ensemble, changeons la ville.\" \/>\n<meta property=\"og:url\" content=\"https:\/\/leev.co\/a-propos\/\" \/>\n<meta property=\"og:site_name\" content=\"LEEV\" \/>\n<meta property=\"article:modified_time\" content=\"2025-10-21T11:59:55+00:00\" \/>\n<meta property=\"og:image\" content=\"https:\/\/leev.co\/wp-content\/uploads\/2025\/04\/Groupe-de-masques-29.png\" \/>\n\t<meta property=\"og:image:width\" content=\"1392\" \/>\n\t<meta property=\"og:image:height\" content=\"1317\" \/>\n\t<meta property=\"og:image:type\" content=\"image\/png\" \/>\n<meta name=\"twitter:card\" content=\"summary_large_image\" \/>\n<meta name=\"twitter:label1\" content=\"Dur\u00e9e de lecture estim\u00e9e\" \/>\n\t<meta name=\"twitter:data1\" content=\"1 minute\" \/>\n<script type=\"application\/ld+json\" class=\"yoast-schema-graph\">{\"@context\":\"https:\/\/schema.org\",\"@graph\":[{\"@type\":\"WebPage\",\"@id\":\"https:\/\/leev.co\/?page_id=92\",\"url\":\"https:\/\/leev.co\/a-propos\/\",\"name\":\"LEEV INMOTION \u2013 L\u2019avenir de la mobilit\u00e9 \u00e9lectrique en Afrique\",\"isPartOf\":{\"@id\":\"https:\/\/leev.co\/#website\"},\"primaryImageOfPage\":{\"@id\":\"https:\/\/leev.co\/a-propos\/#primaryimage\"},\"image\":{\"@id\":\"https:\/\/leev.co\/a-propos\/#primaryimage\"},\"thumbnailUrl\":\"https:\/\/leev.co\/wp-content\/uploads\/2025\/04\/Groupe-de-masques-29.png\",\"datePublished\":\"2025-03-11T15:38:26+00:00\",\"dateModified\":\"2025-10-21T11:59:55+00:00\",\"description\":\"Rejoignez LEEV INMOTION pour vivre une mobilit\u00e9 propre, innovante et adapt\u00e9e \u00e0 l\u2019Afrique urbaine. Ensemble, changeons la ville.\",\"breadcrumb\":{\"@id\":\"https:\/\/leev.co\/a-propos\/#breadcrumb\"},\"inLanguage\":\"fr-FR\",\"potentialAction\":[{\"@type\":\"ReadAction\",\"target\":[\"https:\/\/leev.co\/a-propos\/\"]}]},{\"@type\":\"ImageObject\",\"inLanguage\":\"fr-FR\",\"@id\":\"https:\/\/leev.co\/a-propos\/#primaryimage\",\"url\":\"https:\/\/leev.co\/wp-content\/uploads\/2025\/04\/Groupe-de-masques-29.png\",\"contentUrl\":\"https:\/\/leev.co\/wp-content\/uploads\/2025\/04\/Groupe-de-masques-29.png\",\"width\":1392,\"height\":1317},{\"@type\":\"BreadcrumbList\",\"@id\":\"https:\/\/leev.co\/a-propos\/#breadcrumb\",\"itemListElement\":[{\"@type\":\"ListItem\",\"position\":1,\"name\":\"Accueil\",\"item\":\"https:\/\/leev.co\/\"},{\"@type\":\"ListItem\",\"position\":2,\"name\":\"LEEV INMOTION \u2013 L\u2019avenir de la mobilit\u00e9 \u00e9lectrique en Afrique\"}]},{\"@type\":\"WebSite\",\"@id\":\"https:\/\/leev.co\/#website\",\"url\":\"https:\/\/leev.co\/\",\"name\":\"LEEV\",\"description\":\"LEEV Today, Drive Tomorrow\",\"publisher\":{\"@id\":\"https:\/\/leev.co\/#organization\"},\"potentialAction\":[{\"@type\":\"SearchAction\",\"target\":{\"@type\":\"EntryPoint\",\"urlTemplate\":\"https:\/\/leev.co\/?s={search_term_string}\"},\"query-input\":{\"@type\":\"PropertyValueSpecification\",\"valueRequired\":true,\"valueName\":\"search_term_string\"}}],\"inLanguage\":\"fr-FR\"},{\"@type\":\"Organization\",\"@id\":\"https:\/\/leev.co\/#organization\",\"name\":\"LEEV\",\"url\":\"https:\/\/leev.co\/\",\"logo\":{\"@type\":\"ImageObject\",\"inLanguage\":\"fr-FR\",\"@id\":\"https:\/\/leev.co\/#\/schema\/logo\/image\/\",\"url\":\"https:\/\/leev.co\/wp-content\/uploads\/2025\/03\/Groupe-636.png\",\"contentUrl\":\"https:\/\/leev.co\/wp-content\/uploads\/2025\/03\/Groupe-636.png\",\"width\":191,\"height\":65,\"caption\":\"LEEV\"},\"image\":{\"@id\":\"https:\/\/leev.co\/#\/schema\/logo\/image\/\"}}]}<\/script>\n<!-- \/ Yoast SEO plugin. -->","yoast_head_json":{"title":"LEEV INMOTION \u2013 L\u2019avenir de la mobilit\u00e9 \u00e9lectrique en Afrique","description":"Rejoignez LEEV INMOTION pour vivre une mobilit\u00e9 propre, innovante et adapt\u00e9e \u00e0 l\u2019Afrique urbaine. Ensemble, changeons la ville.","robots":{"index":"index","follow":"follow","max-snippet":"max-snippet:-1","max-image-preview":"max-image-preview:large","max-video-preview":"max-video-preview:-1"},"canonical":"https:\/\/leev.co\/a-propos\/","og_locale":"fr_FR","og_type":"article","og_title":"LEEV INMOTION \u2013 L\u2019avenir de la mobilit\u00e9 \u00e9lectrique en Afrique","og_description":"Rejoignez LEEV INMOTION pour vivre une mobilit\u00e9 propre, innovante et adapt\u00e9e \u00e0 l\u2019Afrique urbaine. Ensemble, changeons la ville.","og_url":"https:\/\/leev.co\/a-propos\/","og_site_name":"LEEV","article_modified_time":"2025-10-21T11:59:55+00:00","og_image":[{"width":1392,"height":1317,"url":"https:\/\/leev.co\/wp-content\/uploads\/2025\/04\/Groupe-de-masques-29.png","type":"image\/png"}],"twitter_card":"summary_large_image","twitter_misc":{"Dur\u00e9e de lecture estim\u00e9e":"1 minute"},"schema":{"@context":"https:\/\/schema.org","@graph":[{"@type":"WebPage","@id":"https:\/\/leev.co\/?page_id=92","url":"https:\/\/leev.co\/a-propos\/","name":"LEEV INMOTION \u2013 L\u2019avenir de la mobilit\u00e9 \u00e9lectrique en Afrique","isPartOf":{"@id":"https:\/\/leev.co\/#website"},"primaryImageOfPage":{"@id":"https:\/\/leev.co\/a-propos\/#primaryimage"},"image":{"@id":"https:\/\/leev.co\/a-propos\/#primaryimage"},"thumbnailUrl":"https:\/\/leev.co\/wp-content\/uploads\/2025\/04\/Groupe-de-masques-29.png","datePublished":"2025-03-11T15:38:26+00:00","dateModified":"2025-10-21T11:59:55+00:00","description":"Rejoignez LEEV INMOTION pour vivre une mobilit\u00e9 propre, innovante et adapt\u00e9e \u00e0 l\u2019Afrique urbaine. Ensemble, changeons la ville.","breadcrumb":{"@id":"https:\/\/leev.co\/a-propos\/#breadcrumb"},"inLanguage":"fr-FR","potentialAction":[{"@type":"ReadAction","target":["https:\/\/leev.co\/a-propos\/"]}]},{"@type":"ImageObject","inLanguage":"fr-FR","@id":"https:\/\/leev.co\/a-propos\/#primaryimage","url":"https:\/\/leev.co\/wp-content\/uploads\/2025\/04\/Groupe-de-masques-29.png","contentUrl":"https:\/\/leev.co\/wp-content\/uploads\/2025\/04\/Groupe-de-masques-29.png","width":1392,"height":1317},{"@type":"BreadcrumbList","@id":"https:\/\/leev.co\/a-propos\/#breadcrumb","itemListElement":[{"@type":"ListItem","position":1,"name":"Accueil","item":"https:\/\/leev.co\/"},{"@type":"ListItem","position":2,"name":"LEEV INMOTION \u2013 L\u2019avenir de la mobilit\u00e9 \u00e9lectrique en Afrique"}]},{"@type":"WebSite","@id":"https:\/\/leev.co\/#website","url":"https:\/\/leev.co\/","name":"LEEV","description":"LEEV Today, Drive Tomorrow","publisher":{"@id":"https:\/\/leev.co\/#organization"},"potentialAction":[{"@type":"SearchAction","target":{"@type":"EntryPoint","urlTemplate":"https:\/\/leev.co\/?s={search_term_string}"},"query-input":{"@type":"PropertyValueSpecification","valueRequired":true,"valueName":"search_term_string"}}],"inLanguage":"fr-FR"},{"@type":"Organization","@id":"https:\/\/leev.co\/#organization","name":"LEEV","url":"https:\/\/leev.co\/","logo":{"@type":"ImageObject","inLanguage":"fr-FR","@id":"https:\/\/leev.co\/#\/schema\/logo\/image\/","url":"https:\/\/leev.co\/wp-content\/uploads\/2025\/03\/Groupe-636.png","contentUrl":"https:\/\/leev.co\/wp-content\/uploads\/2025\/03\/Groupe-636.png","width":191,"height":65,"caption":"LEEV"},"image":{"@id":"https:\/\/leev.co\/#\/schema\/logo\/image\/"}}]}},"_links":{"self":[{"href":"https:\/\/leev.co\/index.php?rest_route=\/wp\/v2\/pages\/92","targetHints":{"allow":["GET"]}}],"collection":[{"href":"https:\/\/leev.co\/index.php?rest_route=\/wp\/v2\/pages"}],"about":[{"href":"https:\/\/leev.co\/index.php?rest_route=\/wp\/v2\/types\/page"}],"author":[{"embeddable":true,"href":"https:\/\/leev.co\/index.php?rest_route=\/wp\/v2\/users\/4"}],"replies":[{"embeddable":true,"href":"https:\/\/leev.co\/index.php?rest_route=%2Fwp%2Fv2%2Fcomments&post=92"}],"version-history":[{"count":5,"href":"https:\/\/leev.co\/index.php?rest_route=\/wp\/v2\/pages\/92\/revisions"}],"predecessor-version":[{"id":4603,"href":"https:\/\/leev.co\/index.php?rest_route=\/wp\/v2\/pages\/92\/revisions\/4603"}],"wp:featuredmedia":[{"embeddable":true,"href":"https:\/\/leev.co\/index.php?rest_route=\/wp\/v2\/media\/4243"}],"wp:attachment":[{"href":"https:\/\/leev.co\/index.php?rest_route=%2Fwp%2Fv2%2Fmedia&parent=92"}],"curies":[{"name":"wp","href":"https:\/\/api.w.org\/{rel}","templated":true}]}}